{"id":1340,"date":"2023-07-31T15:52:00","date_gmt":"2023-07-31T13:52:00","guid":{"rendered":"https:\/\/gomonta.com\/?page_id=1340"},"modified":"2025-12-18T09:17:13","modified_gmt":"2025-12-18T08:17:13","slug":"datenschutzerklaerung","status":"publish","type":"page","link":"https:\/\/gomonta.com\/de\/datenschutzerklaerung\/","title":{"rendered":"Datenschutz- und Cookie-Erkl\u00e4rung"},"content":{"rendered":"\n<div class=\"wp-block-stackable-columns stk-block-columns stk-block stk-d251b79\" data-block-id=\"d251b79\"><style>.stk-d251b79-column{max-width:800px !important;min-width:auto !important;}<\/style><div class=\"stk-row stk-inner-blocks stk-block-content stk-content-align stk-d251b79-column\">\n<div class=\"wp-block-stackable-column stk-block-column stk-column stk-block stk-f6db7d7\" data-v=\"4\" data-block-id=\"f6db7d7\"><div class=\"stk-column-wrapper stk-block-column__content stk-container stk-f6db7d7-container stk--no-background stk--no-padding\"><div class=\"stk-block-content stk-inner-blocks stk-f6db7d7-inner-blocks\">\n<h2 class=\"wp-block-heading\">Unsere Datenschutzerkl\u00e4rung<a><\/a><\/h2>\n\n\n\n<div class=\"wp-block-stackable-text stk-block-text stk-block stk-cc08497\" data-block-id=\"cc08497\"><p class=\"stk-block-text__text\">Diese Datenschutzerkl\u00e4rung gilt f\u00fcr alle Daten, die Monta (Monta Holding B.V. und alle Tochtergesellschaften) \u00fcber die Website www.monta.nl und andere von Monta ver\u00f6ffentlichte Websites und Portale verarbeitet. In dieser Datenschutzerkl\u00e4rung wird beschrieben, welche Daten \u00fcber Sie erfasst werden, wof\u00fcr diese Daten verwendet werden und unter welchen Bedingungen diese Daten eventuell an Dritte \u00fcbermittelt werden k\u00f6nnen. Wir erl\u00e4utern Ihnen auch, auf welche Weise wir Ihre Daten speichern, wie wir Ihre Daten gegen Missbrauch sch\u00fctzen und welche Rechte Sie in Bezug auf an uns \u00fcbermittelte personenbezogene Daten haben.<\/p><\/div>\n\n\n\n<div class=\"wp-block-stackable-text stk-block-text stk-block stk-d6c6102\" data-block-id=\"d6c6102\"><p class=\"stk-block-text__text\">Bei Fragen zu unserer Datenschutzerkl\u00e4rung k\u00f6nnen Sie uns gerne kontaktieren. Die Kontaktdaten finden Sie am Ende unserer Datenschutzerkl\u00e4rung.<\/p><\/div>\n\n\n\n<h2 class=\"wp-block-heading\">Vision zum Datenschutz<\/h2>\n\n\n\n<div class=\"wp-block-stackable-text stk-block-text stk-block stk-0312e44\" data-block-id=\"0312e44\"><p class=\"stk-block-text__text\">Monta arbeitet t\u00e4glich mit personenbezogenen Daten. Dabei ist uns die Privatsph\u00e4re aller Betroffenen besonders wichtig. Es ist unser Ziel, alle Daten von Personen, die mit unserem Unternehmen in Kontakt kommen, jederzeit im Einklang mit den geltenden Datenschutzgesetzen und -vorschriften behandelt werden. Es ist uns ein gro\u00dfes Anliegen, das Vertrauen unserer Kunden, Mitarbeitenden und Gesch\u00e4ftspartner zu erhalten und ihm stets gerecht zu werden. Unser Ziel ist es, den Aufsichtsbeh\u00f6rden die erforderlichen Informationen unverz\u00fcglich zu \u00fcbermitteln, sodass unsere Einhaltung der Gesetze und Vorschriften \u00fcberpr\u00fcft werden kann.<\/p><\/div>\n\n\n\n<h2 class=\"wp-block-heading\">Verhaltenskodex zum Datenschutz<\/h2>\n\n\n\n<div class=\"wp-block-stackable-text stk-block-text stk-block stk-4af0dbd\" data-block-id=\"4af0dbd\"><p class=\"stk-block-text__text\">Wer bei oder f\u00fcr Monta arbeitet, hat unseren Verhaltenskodex zur Kenntnis genommen und h\u00e4lt sich daran.<\/p><\/div>\n\n\n\n<ol class=\"wp-block-list\">\n<li>Wir respektieren die Privatsph\u00e4re all unserer Gesch\u00e4ftspartner (Mitarbeiter, Kollegen, Kunden, Adressaten, Lieferanten etc.).<\/li>\n\n\n\n<li>Wir behandeln die uns anvertrauten Daten mit Sorgfalt.<\/li>\n\n\n\n<li>Wir gew\u00e4hrleisten, dass Unbefugte keinen Zugang zu den uns anvertrauten Daten haben.<\/li>\n\n\n\n<li>Wir erheben nicht mehr Daten als dies f\u00fcr die korrekte Verarbeitung und f\u00fcr den gemeinsam angestrebten Zweck erforderlich ist.<\/li>\n\n\n\n<li>Wir speichern die Daten nicht l\u00e4nger als dies n\u00f6tig oder erforderlich ist.<\/li>\n\n\n\n<li>Wenn unsere Lieferanten oder Kunden vertrauliche Daten von uns erhalten, dann verpflichten wir sie zur Wahrung derselben Sorgfalt.<\/li>\n\n\n\n<li>Wenn wir Daten eines Besuchers\/Nutzers erheben oder aus mehreren Quellen kombinieren, dann teilen wir dies unmissverst\u00e4ndlich mit und geben an, welchen Zweck wir damit verfolgen und welchen Nutzen der Besucher\/Nutzer davon hat.<\/li>\n\n\n\n<li>Wir sind transparent in Bezug auf die Daten, die wir von einem Besucher\/Nutzer gespeichert haben.<\/li>\n\n\n\n<li>Sofern m\u00f6glich geben wir dem Besucher\/Nutzer die M\u00f6glichkeit, ihre Daten selbst zu \u00e4ndern, zu l\u00f6schen oder zu exportieren. In allen anderen F\u00e4llen unterst\u00fctzen wir sie gerne dabei.<\/li>\n\n\n\n<li>Wir liefern, \u00fcbermitteln oder verkaufen keine Daten, die einer bestimmten Person zuzuordnen sind, an Dritte, es sei denn, wir haben die ausdr\u00fcckliche Einwilligung daf\u00fcr angefordert und erhalten oder sind gesetzlich dazu verpflichtet.<\/li>\n<\/ol>\n\n\n\n<h2 class=\"wp-block-heading\">Von wem und warum verarbeiten wir personenbezogene Daten?<\/h2>\n\n\n\n<div class=\"wp-block-stackable-text stk-block-text stk-block stk-7891fbd\" data-block-id=\"7891fbd\"><p class=\"stk-block-text__text\">Wir verarbeiten Daten verschiedener Zielgruppen (Websitebesucher, Interessenten, Kunden (und deren Endkunden), Bewerber, Mitarbeiter) und f\u00fcr verschiedene Zwecke.<\/p><\/div>\n\n\n\n<div class=\"wp-block-stackable-text stk-block-text stk-block stk-95b17b0\" data-block-id=\"95b17b0\"><p class=\"stk-block-text__text\">Wir speichern die personenbezogenen Daten nicht l\u00e4nger als n\u00f6tig f\u00fcr den Zweck, zu dem wir die Daten verarbeiten, wobei wir die gesetzlichen Aufbewahrungsfristen beachten.<\/p><\/div>\n\n\n\n<ul class=\"wp-block-list\">\n<li>Wir verwenden Cookies, um das Nutzungsverhalten von <strong>Besuchern der Website<\/strong> zu speichern, zum Zwecke der Verbesserung der Website und der Anpassung von Informationen. Weitere Informationen dazu finden Sie in der Datenschutzerkl\u00e4rung auf unserer Website.<\/li>\n\n\n\n<li>Als <strong>Anwendungsnutzer <\/strong>analysieren wir Statistik-Cookies, um die Anwendungen weiter zu verbessern.<\/li>\n\n\n\n<li>Wenn Sie als <strong>Interessent<\/strong> Informationen \u00fcber die Website anfordern, speichern wir die \u00fcbermittelten Informationen in unserem CRM-System. Wir verarbeiten diese Informationen, um Sie \u00fcber Produkte und Dienstleistungen zu informieren.<\/li>\n\n\n\n<li>Wenn Sie <strong>Kunde<\/strong> bei uns werden, erg\u00e4nzen wir die Daten um die Informationen, die f\u00fcr vertragliche und administrative Verpflichtungen erforderlich sind.<\/li>\n\n\n\n<li>Wenn Sie <strong>Newsletter-Abonnent<\/strong> sind, k\u00f6nnen Sie sich \u00fcber den Abmeldungslink in jedem Newsletter abmelden.<\/li>\n\n\n\n<li>Kunden, die unsere Software nutzen, um Namen und Adressen ihrer <strong>Endkunden<\/strong> zu speichern, legen selbst fest, wie lange sie die Daten aufbewahren. Standardm\u00e4\u00dfig sind dies 90 Tage.<\/li>\n\n\n\n<li>Als <strong>Bewerber<\/strong> \u00fcbermitteln Sie uns personenbezogene Daten, sodass wir Ihre Bewerbung bewerten k\u00f6nnen.<\/li>\n\n\n\n<li>Wenn Sie als <strong>Mitarbeiter<\/strong> bei uns besch\u00e4ftigt werden, erg\u00e4nzen wir die personenbezogenen Daten um die Informationen, die f\u00fcr den Arbeitsvertrag und die administrativen Verpflichtungen erforderlich sind..<\/li>\n<\/ul>\n\n\n\n<h2 class=\"wp-block-heading\">Vertraulichkeit<\/h2>\n\n\n\n<div class=\"wp-block-stackable-text stk-block-text stk-block stk-57dfd5b\" data-block-id=\"57dfd5b\"><p class=\"stk-block-text__text\">Wir \u00fcbermitteln die uns zur Verf\u00fcgung gestellten (personenbezogenen) Daten nicht an Dritte, es sei denn, dies ist im Zusammenhang mit der Erf\u00fcllung des Vertrags oder einer gesetzlichen Verpflichtung erforderlich.<\/p><\/div>\n\n\n\n<h2 class=\"wp-block-heading\">Sicherheit<\/h2>\n\n\n\n<div class=\"wp-block-stackable-text stk-block-text stk-block stk-2ca48d1\" data-block-id=\"2ca48d1\"><p class=\"stk-block-text__text\">Wir treffen geeignete Sicherheitsma\u00dfnahmen, um einen Missbrauch durch einen unberechtigten Zugang zu Ihren (personenbezogenen) Daten zu begrenzen. Nur die erforderlichen Personen haben Zugriff auf Ihre Daten. Der Zugriff auf die Daten ist gesch\u00fctzt und unsere Sicherheitsma\u00dfnahmen werden regelm\u00e4\u00dfig kontrolliert.<\/p><\/div>\n\n\n\n<h2 class=\"wp-block-heading\">Cookies<\/h2>\n\n\n\n<div class=\"wp-block-stackable-text stk-block-text stk-block stk-bbfc696\" data-block-id=\"bbfc696\"><p class=\"stk-block-text__text\">Beim Besuch einer Website werden bestimmte Informationsdateien auf dem Ger\u00e4t (wie PC, Tablet oder Smartphone) des Besuchers gespeichert oder von diesem Ger\u00e4t ausgelesen. Dies erfolgt \u00fcber den Webbrowser auf dem Ger\u00e4t. Weitere Informationen \u00fcber unsere Cookies, deren Annahme, Ablehnung und L\u00f6schung k\u00f6nnen Sie in unserer Cookieerkl\u00e4rung auf unserer Website nachlesen.<\/p><\/div>\n\n\n\n<h2 class=\"wp-block-heading\">Websites von Dritten<\/h2>\n\n\n\n<div class=\"wp-block-stackable-text stk-block-text stk-block stk-d6f8717\" data-block-id=\"d6f8717\"><p class=\"stk-block-text__text\">Diese Datenschutzerkl\u00e4rung gilt nicht f\u00fcr Websites von Dritten, die \u00fcber Links mit unserer Website verbunden sind.<\/p><\/div>\n\n\n\n<h2 class=\"wp-block-heading\">Auskunft, Berichtigung und Widerspruchsrecht<\/h2>\n\n\n\n<div class=\"wp-block-stackable-text stk-block-text stk-block stk-34dbc64\" data-block-id=\"34dbc64\"><p class=\"stk-block-text__text\">Haben Sie uns personenbezogene Daten \u00fcbermittelt, dann k\u00f6nnen Sie uns eine Anfrage senden, um Auskunft \u00fcber diese Daten zu erhalten, diese zu \u00e4ndern oder zu l\u00f6schen. Diese Anfrage k\u00f6nnen Sie \u00fcber dieses Datenschutzformulareinreichen.<\/p><\/div>\n\n\n\n<h2 class=\"wp-block-heading\"><a><\/a>Datenschutzbeh\u00f6rde<\/h2>\n\n\n\n<div class=\"wp-block-stackable-text stk-block-text stk-block stk-9cff85e\" data-block-id=\"9cff85e\"><p class=\"stk-block-text__text\">Nat\u00fcrlich unterst\u00fctzen wir Sie gern bei Beschwerden \u00fcber die Verarbeitung Ihrer personenbezogenen Daten. Sie haben gem\u00e4\u00df den Datenschutzgesetzen das Recht, eine Beschwerde \u00fcber unsere Verarbeitung Ihrer personenbezogenen Daten an die Datenschutzbeh\u00f6rde zu richten. Sie k\u00f6nnen sich dazu an die Datenschutzbeh\u00f6rde wenden.<\/p><\/div>\n\n\n\n<h2 class=\"wp-block-heading\">\u00c4nderungen an der Datenschutzerkl\u00e4rung<\/h2>\n\n\n\n<div class=\"wp-block-stackable-text stk-block-text stk-block stk-b7ec95b\" data-block-id=\"b7ec95b\"><p class=\"stk-block-text__text\">Zum Schluss weisen wir Sie noch darauf hin, dass wir \u00c4nderungen an dieser Datenschutzerkl\u00e4rung vornehmen k\u00f6nnen. Wir empfehlen Ihnen daher, diese Datenschutzerkl\u00e4rung regelm\u00e4\u00dfig zu konsultieren.<\/p><\/div>\n\n\n\n<h2 class=\"wp-block-heading\">Kontaktdaten<\/h2>\n\n\n\n<div class=\"wp-block-stackable-text stk-block-text stk-block stk-824a9a2\" data-block-id=\"824a9a2\"><p class=\"stk-block-text__text\">Sollten Sie nach dem Lesen unserer Datenschutzerkl\u00e4rung noch Fragen und\/oder Anmerkungen haben, k\u00f6nnen Sie sich \u00fcber die folgenden Kontaktdaten an uns wenden.<\/p><\/div>\n\n\n\n<div class=\"wp-block-stackable-text stk-block-text stk-block stk-b7eb3a3\" data-block-id=\"b7eb3a3\"><p class=\"stk-block-text__text\">Website: www.monta.nlAnschrift: Polderweg-Oost 19, 2973 AN Molenaarsgraaf, NiederlandeTelefon: +31 (0)85 \u2013 020 86 90E-Mail: privacy@monta.nl<\/p><\/div>\n\n\n\n<h2 class=\"wp-block-heading\">Cookies<\/h2>\n\n\n\n<div class=\"wp-block-stackable-text stk-block-text stk-block stk-9d4f4cf\" data-block-id=\"9d4f4cf\"><p class=\"stk-block-text__text\">Ein Cookie ist eine einfache, kleine Datei, die zusammen mit Seiten dieser Website gesendet und von Ihrem Browser auf der Festplatte Ihres Computers oder eines anderen Ger\u00e4ts gespeichert wird. Die darin gespeicherten Informationen k\u00f6nnen bei einem sp\u00e4teren Besuch an unsere Server zur\u00fcckgesendet werden.<\/p><\/div>\n\n\n\n<div class=\"wp-block-stackable-text stk-block-text stk-block stk-8e46d35\" data-block-id=\"8e46d35\"><p class=\"stk-block-text__text\">Monta sammelt Cookies \u00fcber von Monta verwaltete Websites und \u00fcber von Monta entwickelte Anwendungen.<\/p><\/div>\n\n\n\n<h2 class=\"wp-block-heading\">Technische oder funktionale Cookies<\/h2>\n\n\n\n<div class=\"wp-block-stackable-text stk-block-text stk-block stk-59a2d17\" data-block-id=\"59a2d17\"><p class=\"stk-block-text__text\">Einige Cookies stellen sicher, dass bestimmte Teile der Website ordnungsgem\u00e4\u00df funktionieren und Ihre Pr\u00e4ferenzen gespeichert werden. Durch das Setzen funktionaler Cookies erleichtern wir Ihren Besuch auf unserer Website. So m\u00fcssen Sie bei jedem Besuch unserer Website nicht wiederholt dieselben Informationen eingeben. Wir k\u00f6nnen diese Cookies ohne Ihre Zustimmung setzen.<\/p><\/div>\n\n\n\n<h2 class=\"wp-block-heading\">Statistik-Cookies<\/h2>\n\n\n\n<div class=\"wp-block-stackable-text stk-block-text stk-block stk-1c8647f\" data-block-id=\"1c8647f\"><p class=\"stk-block-text__text\">Wir verwenden Statistik-Cookies, um die Benutzererfahrung zu optimieren. Analytische Cookies geben uns Einblick in die Nutzung unserer Website und Anwendungen. Wir bitten um Ihre Zustimmung zum Setzen analytischer Cookies.<\/p><\/div>\n\n\n\n<h2 class=\"wp-block-heading\">Marketing-Cookies<\/h2>\n\n\n\n<div class=\"wp-block-stackable-text stk-block-text stk-block stk-09d697e\" data-block-id=\"09d697e\"><p class=\"stk-block-text__text\">Marketing-Cookies sind Cookies, die verwendet werden, um Benutzerprofile zu erstellen, um Werbung anzuzeigen oder den Benutzer \u00fcber diese oder andere Websites hinweg zu \u00e4hnlichen Marketingzwecken zu verfolgen.<\/p><\/div>\n\n\n\n<div class=\"wp-block-stackable-text stk-block-text stk-block stk-faf96d8\" data-block-id=\"faf96d8\"><p class=\"stk-block-text__text\">Da diese Cookies als Tracking-Cookies klassifiziert werden, bitten wir um Ihre Zustimmung zum Setzen.<\/p><\/div>\n\n\n\n<h2 class=\"wp-block-heading\">Social-Media-Cookies<\/h2>\n\n\n\n<div class=\"wp-block-stackable-text stk-block-text stk-block stk-7de3b74\" data-block-id=\"7de3b74\"><p class=\"stk-block-text__text\">Social-Media-Cookies werden von Social-Media-Plattformen wie Facebook, X und Instagram verwendet. Mit diesen Cookies k\u00f6nnen Sie Inhalte einfach \u00fcber Schaltfl\u00e4chen auf Websites teilen. Wenn Ihnen beispielsweise ein Artikel gef\u00e4llt und Sie ihn auf Ihrem Facebook-Profil teilen m\u00f6chten, setzt Facebook ein Cookie auf Ihrem Ger\u00e4t.<\/p><\/div>\n\n\n\n<div class=\"wp-block-stackable-text stk-block-text stk-block stk-c1b3a62\" data-block-id=\"c1b3a62\"><p class=\"stk-block-text__text\">Bitte lesen Sie die Datenschutzerkl\u00e4rungen dieser Drittanbieter (die sich regelm\u00e4\u00dfig \u00e4ndern k\u00f6nnen), um zu erfahren, wie sie mit Ihren (personenbezogenen) Daten umgehen, die sie \u00fcber diese Cookies verarbeiten. Die von ihnen gesammelten Informationen werden so weit wie m\u00f6glich anonymisiert.<\/p><\/div>\n\n\n\n<h2 class=\"wp-block-heading\">Einwilligung<\/h2>\n\n\n\n<div class=\"wp-block-stackable-text stk-block-text stk-block stk-85865ba\" data-block-id=\"85865ba\"><p class=\"stk-block-text__text\">Beim ersten Besuch unserer Website oder bei der erstmaligen Nutzung unserer Anwendungen erscheint ein Hinweisfenster mit Informationen zu den Cookies. In diesem Popup-Fenster k\u00f6nnen Sie entscheiden, ob Sie der Nutzung von Statistik-, Werbe- oder Marketing-Cookies zustimmen oder sie ablehnen m\u00f6chten.<\/p><\/div>\n\n\n\n<h2 class=\"wp-block-heading\">Einstellen Ihrer Cookie-Einwilligung-<\/h2>\n\n\n<div id=\"cmplz-manage-consent-container-nojavascript\">Du hast die Cookie-Richtlinie ohne Javascript-Unterst\u00fctzung geladen.&nbsp;Unter AMP kannst du die Schaltfl\u00e4che zum Zustimmen der Einwilligung unten auf der Seite verwenden.<\/div><div id=\"cmplz-manage-consent-container\" name=\"cmplz-manage-consent-container\" class=\"cmplz-manage-consent-container\"><\/div>\n\n\n\n<div class=\"wp-block-stackable-spacer stk-block-spacer stk--no-padding stk-block stk-06ed4f5\" data-block-id=\"06ed4f5\"><style>.stk-06ed4f5 {height:20px !important;}<\/style><\/div>\n\n\n\n<h2 class=\"wp-block-heading\">Cookies (de-)aktivieren und l\u00f6schen<\/h2>\n\n\n\n<div class=\"wp-block-stackable-text stk-block-text stk-block stk-740b613\" data-block-id=\"740b613\"><p class=\"stk-block-text__text\">\u00dcber Ihren Internetbrowser k\u00f6nnen Sie Cookies automatisch oder manuell entfernen. Sie k\u00f6nnen auch angeben, dass bestimmte Cookies nicht gesetzt werden d\u00fcrfen. Sie k\u00f6nnen in Ihrem Internetbrowser auch einstellen, dass Sie eine Mitteilung erhalten, wenn ein Cookies gesetzt wird. Weitere Informationen \u00fcber diese M\u00f6glichkeiten erhalten Sie in der Hilfe-Funktion Ihres Browsers.<\/p><\/div>\n\n\n\n<div class=\"wp-block-stackable-text stk-block-text stk-block stk-12f54f9\" data-block-id=\"12f54f9\"><p class=\"stk-block-text__text\">Bitte beachten: Unsere Website funktioniert m\u00f6glicherweise nicht optimal, wenn alle Cookies deaktiviert sind. Wenn Sie die Cookies in Ihrem Browser entfernen, werden sie nach Ihrer Einwilligung bei einem neuen Besuch unserer Website erneut gesetzt.<\/p><\/div>\n<\/div><\/div><\/div>\n<\/div><\/div>\n","protected":false},"excerpt":{"rendered":"<p>Unsere Datenschutzerkl\u00e4rung Diese Datenschutzerkl\u00e4rung gilt f\u00fcr alle Daten, die Monta (Monta Holding B.V. und alle Tochtergesellschaften) \u00fcber die Website www.monta.nl und andere von Monta ver\u00f6ffentlichte Websites und Portale verarbeitet. In dieser Datenschutzerkl\u00e4rung wird beschrieben, welche Daten \u00fcber Sie erfasst werden, wof\u00fcr diese Daten verwendet werden und unter welchen Bedingungen diese Daten eventuell an Dritte \u00fcbermittelt [&hellip;]<\/p>\n","protected":false},"author":1,"featured_media":0,"parent":0,"menu_order":0,"comment_status":"closed","ping_status":"open","template":"","meta":{"_acf_changed":false,"content-type":"","footnotes":""},"class_list":["post-1340","page","type-page","status-publish","hentry"],"blocksy_meta":{"has_hero_section":"enabled","styles_descriptor":{"styles":{"desktop":"[data-prefix=\"single_page\"] .entry-header .page-title {--theme-font-size:30px;} [data-prefix=\"single_page\"] .entry-header .entry-meta {--theme-font-weight:600;--theme-text-transform:uppercase;--theme-font-size:12px;--theme-line-height:1.3;} [data-prefix=\"single_page\"] .hero-section[data-type=\"type-1\"] {--alignment:center;}","tablet":"","mobile":""},"google_fonts":[],"version":6},"hero_elements":[{"id":"custom_title","enabled":true,"heading_tag":"h1","title":"Home","__id":"nfZ6xhIpWFglmpc9uo68x"},{"id":"custom_description","enabled":false,"description_visibility":{"desktop":true,"tablet":true,"mobile":false},"__id":"i3VWV0adGAXrtpdTetWPE"},{"id":"custom_meta","enabled":false,"meta_elements":[{"id":"author","enabled":true,"label":"By","has_author_avatar":"yes","avatar_size":25},{"id":"post_date","enabled":true,"label":"On","date_format_source":"default","date_format":"M j, Y"},{"id":"updated_date","enabled":false,"label":"On","date_format_source":"default","date_format":"M j, Y"},{"id":"categories","enabled":false,"label":"In","style":"simple"},{"id":"comments","enabled":true}],"page_meta_elements":{"joined":true,"articles_count":true,"comments":true},"__id":"Pw1y2LCJU7mQlOCFgjZ6V"},{"id":"breadcrumbs","enabled":false,"__id":"V-xe1mxyhcu04MQU0rJvX"},{"id":"content-block","enabled":false,"__id":"xAb0NURcLCKX9xSanZpkk"}],"hero_alignment1":"center"},"acf":[],"featured_image_urls_v2":{"full":"","thumbnail":"","medium":"","medium_large":"","large":"","1536x1536":"","2048x2048":"","gform-image-choice-sm":"","gform-image-choice-md":"","gform-image-choice-lg":""},"post_excerpt_stackable_v2":"<p>Unsere Datenschutzerkl\u00e4rung Diese Datenschutzerkl\u00e4rung gilt f\u00fcr alle Daten, die Monta (Monta Holding B.V. und alle Tochtergesellschaften) \u00fcber die Website www.monta.nl und andere von Monta ver\u00f6ffentlichte Websites und Portale verarbeitet. In dieser Datenschutzerkl\u00e4rung wird beschrieben, welche Daten \u00fcber Sie erfasst werden, wof\u00fcr diese Daten verwendet werden und unter welchen Bedingungen diese Daten eventuell an Dritte \u00fcbermittelt werden k\u00f6nnen. Wir erl\u00e4utern Ihnen auch, auf welche Weise wir Ihre Daten speichern, wie wir Ihre Daten gegen Missbrauch sch\u00fctzen und welche Rechte Sie in Bezug auf an uns \u00fcbermittelte personenbezogene Daten haben. Bei Fragen zu unserer Datenschutzerkl\u00e4rung k\u00f6nnen Sie uns gerne kontaktieren. Die Kontaktdaten&hellip;<\/p>\n","category_list_v2":"","author_info_v2":{"name":"admin","url":"https:\/\/gomonta.com\/de\/author\/admin\/"},"comments_num_v2":"0 comments","_links":{"self":[{"href":"https:\/\/gomonta.com\/de\/wp-json\/wp\/v2\/pages\/1340","targetHints":{"allow":["GET"]}}],"collection":[{"href":"https:\/\/gomonta.com\/de\/wp-json\/wp\/v2\/pages"}],"about":[{"href":"https:\/\/gomonta.com\/de\/wp-json\/wp\/v2\/types\/page"}],"author":[{"embeddable":true,"href":"https:\/\/gomonta.com\/de\/wp-json\/wp\/v2\/users\/1"}],"replies":[{"embeddable":true,"href":"https:\/\/gomonta.com\/de\/wp-json\/wp\/v2\/comments?post=1340"}],"version-history":[{"count":6,"href":"https:\/\/gomonta.com\/de\/wp-json\/wp\/v2\/pages\/1340\/revisions"}],"predecessor-version":[{"id":39637,"href":"https:\/\/gomonta.com\/de\/wp-json\/wp\/v2\/pages\/1340\/revisions\/39637"}],"wp:attachment":[{"href":"https:\/\/gomonta.com\/de\/wp-json\/wp\/v2\/media?parent=1340"}],"curies":[{"name":"wp","href":"https:\/\/api.w.org\/{rel}","templated":true}]}}