{"id":22137,"date":"2024-04-12T11:08:45","date_gmt":"2024-04-12T09:08:45","guid":{"rendered":"https:\/\/gomonta.com\/kontakt-formular-vielen-dank\/"},"modified":"2024-09-11T16:06:47","modified_gmt":"2024-09-11T14:06:47","slug":"kontakt-formular-vielen-dank","status":"publish","type":"page","link":"https:\/\/gomonta.com\/de\/kontakt-formular-vielen-dank\/","title":{"rendered":"Kontakt-Formular Vielen Dank"},"content":{"rendered":"\n<div class=\"wp-block-stackable-columns alignfull stk-block-columns stk-block stk-ccc2808 stk-block-background\" data-block-id=\"ccc2808\"><style>.stk-ccc2808{margin-top:-100px !important;margin-bottom:0px !important;bottom:-60px !important}@media screen and (max-width:999px){.stk-ccc2808{margin-top:-60px !important}}<\/style><div class=\"stk-row stk-inner-blocks stk-block-content stk-content-align stk-ccc2808-column\">\n<div class=\"wp-block-stackable-column stk-block-column stk-column stk-block stk-5f6e6a0\" data-v=\"4\" data-block-id=\"5f6e6a0\"><div class=\"stk-column-wrapper stk-block-column__content stk-container stk-5f6e6a0-container stk--no-background stk--no-padding\"><div class=\"stk-block-content stk-inner-blocks stk-5f6e6a0-inner-blocks\">\n<div class=\"wp-block-stackable-spacer stk-block-spacer stk--hide-desktop stk--hide-tablet stk--no-padding stk-block stk-eb1e58d\" data-block-id=\"eb1e58d\"><style>.stk-eb1e58d{height:30px !important}<\/style><\/div>\n\n\n\n<div class=\"wp-block-stackable-image stk-block-image stk--hide-desktop stk-block stk-7c33aa2\" data-block-id=\"7c33aa2\"><figure><span class=\"stk-img-wrapper stk-image--shape-stretch\"><img loading=\"lazy\" decoding=\"async\" class=\"stk-img wp-image-20595\" src=\"https:\/\/gomonta.com\/wp-content\/uploads\/2024\/04\/gomonta-e1713351625560.webp\" width=\"781\" height=\"525\" alt=\"Europas Nr. 1 f\u00fcr Fulfillment und WMS\" srcset=\"https:\/\/gomonta.com\/wp-content\/uploads\/2024\/04\/gomonta-e1713351625560.webp 781w, https:\/\/gomonta.com\/wp-content\/uploads\/2024\/04\/gomonta-e1713351625560-300x202.webp 300w, https:\/\/gomonta.com\/wp-content\/uploads\/2024\/04\/gomonta-e1713351625560-768x516.webp 768w\" sizes=\"auto, (max-width: 781px) 100vw, 781px\" \/><\/span><\/figure><\/div>\n\n\n\n<div class=\"wp-block-stackable-spacer stk-block-spacer stk--hide-mobile stk--no-padding stk-block stk-9661b92\" data-block-id=\"9661b92\"><style>.stk-9661b92{height:24px !important}<\/style><\/div>\n\n\n\n<div class=\"wp-block-stackable-columns stk-block-columns stk-block stk-b11eef0\" data-block-id=\"b11eef0\"><style>.stk-b11eef0{margin-bottom:30px !important}.stk-b11eef0-column{--stk-column-gap:100px !important}<\/style><div class=\"stk-row stk-inner-blocks stk-block-content stk-content-align stk-b11eef0-column\">\n<div class=\"wp-block-stackable-column stk-block-column stk-column stk--hide-tablet stk--hide-mobile stk-block stk-9bded36\" data-v=\"4\" data-block-id=\"9bded36\"><style>.stk-9bded36{align-self:center !important}<\/style><div class=\"stk-column-wrapper stk-block-column__content stk-container stk-9bded36-container stk--no-background stk--no-padding\"><div class=\"has-text-align-center stk-block-content stk-inner-blocks stk-9bded36-inner-blocks\">\n<div class=\"wp-block-stackable-image stk-block-image stk-block stk-d5f6468\" data-block-id=\"d5f6468\"><style>.stk-d5f6468 .stk-img-wrapper{width:100% !important;height:386px !important}<\/style><figure><span class=\"stk-img-wrapper stk-image--shape-stretch\"><img loading=\"lazy\" decoding=\"async\" class=\"stk-img wp-image-20595\" src=\"https:\/\/gomonta.com\/wp-content\/uploads\/2024\/04\/gomonta-e1713351625560.webp\" width=\"781\" height=\"525\" alt=\"Europas Nr. 1 f\u00fcr Fulfillment und WMS\" srcset=\"https:\/\/gomonta.com\/wp-content\/uploads\/2024\/04\/gomonta-e1713351625560.webp 781w, https:\/\/gomonta.com\/wp-content\/uploads\/2024\/04\/gomonta-e1713351625560-300x202.webp 300w, https:\/\/gomonta.com\/wp-content\/uploads\/2024\/04\/gomonta-e1713351625560-768x516.webp 768w\" sizes=\"auto, (max-width: 781px) 100vw, 781px\" \/><\/span><\/figure><\/div>\n<\/div><\/div><\/div>\n\n\n\n<div class=\"wp-block-stackable-column stk-block-column stk-column stk-block stk-ebb4e51\" data-v=\"4\" data-block-id=\"ebb4e51\"><style>.stk-ebb4e51{align-self:center !important}<\/style><div class=\"stk-column-wrapper stk-block-column__content stk-container stk-ebb4e51-container stk--no-background stk--no-padding\"><div class=\"stk-block-content stk-inner-blocks stk-ebb4e51-inner-blocks\">\n<div class=\"wp-block-stackable-heading stk-block-heading stk-block-heading--v2 stk-block stk-a734dda\" id=\"strong-thank-you-strong\" data-block-id=\"a734dda\"><style>.stk-a734dda .stk-block-heading__text{font-size:36px !important;color:var(u002du002dtheme-palette-color-3,#000000) !important}@media screen and (max-width:999px){.stk-a734dda .stk-block-heading__text{font-size:26px !important}}@media screen and (max-width:689px){.stk-a734dda .stk-block-heading__text{font-size:22px !important}}<\/style><h1 class=\"stk-block-heading__text has-text-color\"><strong>Vielen Dank<\/strong><\/h1><\/div>\n\n\n\n<div class=\"wp-block-stackable-text stk-block-text stk-block stk-fc6bf49\" data-block-id=\"fc6bf49\"><style>.stk-fc6bf49{margin-bottom:30px !important}<\/style><p class=\"stk-block-text__text\">Wir werden deine Angebotsanfrage mit Sorgfalt bearbeiten und dich innerhalb von 24 Stunden kontaktieren. M\u00f6chtest du \u00fcber Entwicklungen, Kooperationen und Veranstaltungen von Monta informiert werden? Folge uns jetzt.<\/p><\/div>\n\n\n\n<div class=\"wp-block-stackable-button-group stk-block-button-group stk-block stk-0cd8b10\" data-block-id=\"0cd8b10\"><div class=\"stk-row stk-inner-blocks stk-block-content stk-button-group\">\n<div class=\"wp-block-stackable-icon-button stk-block-icon-button stk-block stk-acbe60c\" data-block-id=\"acbe60c\"><a class=\"stk-link stk-button stk--hover-effect-scale\" href=\"https:\/\/www.linkedin.com\/company\/monta-deutschland\/\" target=\"_blank\" rel=\"noreferrer noopener\"><span class=\"stk--svg-wrapper\"><div class=\"stk--inner-svg\"><svg xmlns=\"http:\/\/www.w3.org\/2000\/svg\" viewBox=\"0 0 448 512\" aria-hidden=\"true\" width=\"32\" height=\"32\"><path d=\"M100.28 448H7.4V148.9h92.88zM53.79 108.1C24.09 108.1 0 83.5 0 53.8a53.79 53.79 0 0 1 107.58 0c0 29.7-24.1 54.3-53.79 54.3zM447.9 448h-92.68V302.4c0-34.7-.7-79.2-48.29-79.2-48.29 0-55.69 37.7-55.69 76.7V448h-92.78V148.9h89.08v40.8h1.3c12.4-23.5 42.69-48.3 87.88-48.3 94 0 111.28 61.9 111.28 142.3V448z\"><\/path><\/svg><\/div><\/span><\/a><\/div>\n\n\n\n<div class=\"wp-block-stackable-icon-button stk-block-icon-button stk-block stk-1488e3d\" data-block-id=\"1488e3d\"><a class=\"stk-link stk-button stk--hover-effect-scale\" href=\"https:\/\/www.facebook.com\/MontaDeutschland\/\" target=\"_blank\" rel=\"noreferrer noopener\"><span class=\"stk--svg-wrapper\"><div class=\"stk--inner-svg\"><svg xmlns=\"http:\/\/www.w3.org\/2000\/svg\" viewBox=\"0 0 320 512\" aria-hidden=\"true\" width=\"32\" height=\"32\"><path d=\"M279.14 288l14.22-92.66h-88.91v-60.13c0-25.35 12.42-50.06 52.24-50.06h40.42V6.26S260.43 0 225.36 0c-73.22 0-121.08 44.38-121.08 124.72v70.62H22.89V288h81.39v224h100.17V288z\"><\/path><\/svg><\/div><\/span><\/a><\/div>\n\n\n\n<div class=\"wp-block-stackable-icon-button stk-block-icon-button stk-block stk-64c6e54\" data-block-id=\"64c6e54\"><a class=\"stk-link stk-button stk--hover-effect-scale\" href=\"https:\/\/www.instagram.com\/monta_deutschland\/\" target=\"_blank\" rel=\"noreferrer noopener\"><span class=\"stk--svg-wrapper\"><div class=\"stk--inner-svg\"><svg xmlns=\"http:\/\/www.w3.org\/2000\/svg\" viewBox=\"0 0 448 512\" aria-hidden=\"true\" width=\"32\" height=\"32\"><path d=\"M448,209.91a210.06,210.06,0,0,1-122.77-39.25V349.38A162.55,162.55,0,1,1,185,188.31V278.2a74.62,74.62,0,1,0,52.23,71.18V0l88,0a121.18,121.18,0,0,0,1.86,22.17h0A122.18,122.18,0,0,0,381,102.39a121.43,121.43,0,0,0,67,20.14Z\"><\/path><\/svg><\/div><\/span><\/a><\/div>\n\n\n\n<div class=\"wp-block-stackable-icon-button stk-block-icon-button stk-block stk-b89e0b3\" data-block-id=\"b89e0b3\"><a class=\"stk-link stk-button stk--hover-effect-scale\" href=\"https:\/\/www.youtube.com\/channel\/UCoh82c5Ds4__xgvl-s1VZVA\" target=\"_blank\" rel=\"noreferrer noopener\"><span class=\"stk--svg-wrapper\"><div class=\"stk--inner-svg\"><svg xmlns=\"http:\/\/www.w3.org\/2000\/svg\" viewBox=\"0 0 576 512\" aria-hidden=\"true\" width=\"32\" height=\"32\"><path d=\"M549.655 124.083c-6.281-23.65-24.787-42.276-48.284-48.597C458.781 64 288 64 288 64S117.22 64 74.629 75.486c-23.497 6.322-42.003 24.947-48.284 48.597-11.412 42.867-11.412 132.305-11.412 132.305s0 89.438 11.412 132.305c6.281 23.65 24.787 41.5 48.284 47.821C117.22 448 288 448 288 448s170.78 0 213.371-11.486c23.497-6.321 42.003-24.171 48.284-47.821 11.412-42.867 11.412-132.305 11.412-132.305s0-89.438-11.412-132.305zm-317.51 213.508V175.185l142.739 81.205-142.739 81.201z\"><\/path><\/svg><\/div><\/span><\/a><\/div>\n<\/div><\/div>\n<\/div><\/div><\/div>\n<\/div><\/div>\n\n\n\n<div class=\"wp-block-stackable-divider stk-block-divider stk-block stk-0b75d55\" data-block-id=\"0b75d55\"><style>.stk-0b75d55{margin-bottom:0px !important}.stk-0b75d55 hr.stk-block-divider__hr{width:100% !important}<\/style><hr class=\"stk-block-divider__hr\"\/><\/div>\n\n\n\n<div class=\"wp-block-stackable-columns stk-block-columns stk-block stk-8679279\" data-block-id=\"8679279\"><div class=\"stk-row stk-inner-blocks stk-block-content stk-content-align stk-8679279-column\">\n<div class=\"wp-block-stackable-column stk-block-column stk-column stk-block stk-2f8d0c5\" data-v=\"4\" data-block-id=\"2f8d0c5\"><div class=\"stk-column-wrapper stk-block-column__content stk-container stk-2f8d0c5-container stk--no-background stk--no-padding\"><div class=\"stk-block-content stk-inner-blocks stk-2f8d0c5-inner-blocks\">\n<div class=\"wp-block-stackable-icon-label stk-block-icon-label stk-block stk-242ca59\" data-block-id=\"242ca59\"><div class=\"stk-row stk-inner-blocks stk-block-content\">\n<div class=\"wp-block-stackable-icon stk-block-icon has-text-align-left stk-block stk-f5da70c\" data-block-id=\"f5da70c\"><style>.stk-f5da70c .stk--svg-wrapper .stk--inner-svg svg:last-child,.stk-f5da70c .stk--svg-wrapper .stk--inner-svg svg:last-child :is(g,path,rect,polygon,ellipse){fill:var(--theme-palette-color-1,#009DE0) !important}<\/style><span class=\"stk--svg-wrapper\"><div class=\"stk--inner-svg\"><svg style=\"height:0;width:0\"><defs><lineargradient id=\"linear-gradient-f5da70c\" x1=\"0\" x2=\"100%\" y1=\"0\" y2=\"0\"><stop offset=\"0%\" style=\"stop-opacity:1;stop-color:var(--linear-gradient-f-5-da-70-c-color-1)\"><\/stop><stop offset=\"100%\" style=\"stop-opacity:1;stop-color:var(--linear-gradient-f-5-da-70-c-color-2)\"><\/stop><\/lineargradient><\/defs><\/svg><svg aria-hidden=\"true\" focusable=\"false\" data-prefix=\"far\" data-icon=\"star\" class=\"svg-inline--fa fa-star fa-w-18\" xmlns=\"http:\/\/www.w3.org\/2000\/svg\" viewbox=\"0 0 576 512\" width=\"32\" height=\"32\"><path fill=\"currentColor\" d=\"M528.1 171.5L382 150.2 316.7 17.8c-11.7-23.6-45.6-23.9-57.4 0L194 150.2 47.9 171.5c-26.2 3.8-36.7 36.1-17.7 54.6l105.7 103-25 145.5c-4.5 26.3 23.2 46 46.4 33.7L288 439.6l130.7 68.7c23.2 12.2 50.9-7.4 46.4-33.7l-25-145.5 105.7-103c19-18.5 8.5-50.8-17.7-54.6zM388.6 312.3l23.7 138.4L288 385.4l-124.3 65.3 23.7-138.4-100.6-98 139-20.2 62.2-126 62.2 126 139 20.2-100.6 98z\"><\/path><\/svg><\/div><\/span><\/div>\n\n\n\n<div class=\"wp-block-stackable-heading stk-block-heading stk-block-heading--v2 stk-block stk-9f4fa9e\" id=\"personal-amp-flexible\" data-block-id=\"9f4fa9e\"><style>.stk-9f4fa9e .stk-block-heading__text{font-size:22px !important}@media screen and (max-width:999px){.stk-9f4fa9e .stk-block-heading__text{font-size:22px !important}}<\/style><p class=\"stk-block-heading__text\">Pers\u00f6nlich &amp; flexibel<\/p><\/div>\n<\/div><\/div>\n<\/div><\/div><\/div>\n\n\n\n<div class=\"wp-block-stackable-column stk-block-column stk-column stk-block stk-e609325\" data-v=\"4\" data-block-id=\"e609325\"><div class=\"stk-column-wrapper stk-block-column__content stk-container stk-e609325-container stk--no-background stk--no-padding\"><div class=\"stk-block-content stk-inner-blocks stk-e609325-inner-blocks\">\n<div class=\"wp-block-stackable-icon-label stk-block-icon-label stk-block stk-18d3bda\" data-block-id=\"18d3bda\"><div class=\"stk-row stk-inner-blocks stk-block-content\">\n<div class=\"wp-block-stackable-icon stk-block-icon has-text-align-left stk-block stk-e99f9a5\" data-block-id=\"e99f9a5\"><style>.stk-e99f9a5 .stk--svg-wrapper .stk--inner-svg svg:last-child,.stk-e99f9a5 .stk--svg-wrapper .stk--inner-svg svg:last-child :is(g,path,rect,polygon,ellipse){fill:#0693e3 !important}<\/style><span class=\"stk--svg-wrapper\"><div class=\"stk--inner-svg\"><svg style=\"height:0;width:0\"><defs><lineargradient id=\"linear-gradient-e99f9a5\" x1=\"0\" x2=\"100%\" y1=\"0\" y2=\"0\"><stop offset=\"0%\" style=\"stop-opacity:1;stop-color:var(--linear-gradient-e-99-f-9-a-5-color-1)\"><\/stop><stop offset=\"100%\" style=\"stop-opacity:1;stop-color:var(--linear-gradient-e-99-f-9-a-5-color-2)\"><\/stop><\/lineargradient><\/defs><\/svg><svg aria-hidden=\"true\" focusable=\"false\" data-prefix=\"far\" data-icon=\"star\" class=\"svg-inline--fa fa-star fa-w-18\" xmlns=\"http:\/\/www.w3.org\/2000\/svg\" viewbox=\"0 0 576 512\" width=\"32\" height=\"32\"><path fill=\"currentColor\" d=\"M528.1 171.5L382 150.2 316.7 17.8c-11.7-23.6-45.6-23.9-57.4 0L194 150.2 47.9 171.5c-26.2 3.8-36.7 36.1-17.7 54.6l105.7 103-25 145.5c-4.5 26.3 23.2 46 46.4 33.7L288 439.6l130.7 68.7c23.2 12.2 50.9-7.4 46.4-33.7l-25-145.5 105.7-103c19-18.5 8.5-50.8-17.7-54.6zM388.6 312.3l23.7 138.4L288 385.4l-124.3 65.3 23.7-138.4-100.6-98 139-20.2 62.2-126 62.2 126 139 20.2-100.6 98z\"><\/path><\/svg><\/div><\/span><\/div>\n\n\n\n<div class=\"wp-block-stackable-heading stk-block-heading stk-block-heading--v2 stk-block stk-5967084\" id=\"20-years-development\" data-block-id=\"5967084\"><style>.stk-5967084 .stk-block-heading__text{font-size:22px !important}@media screen and (max-width:999px){.stk-5967084 .stk-block-heading__text{font-size:22px !important}}<\/style><p class=\"stk-block-heading__text\">\u00dcber 20 Jahre Entwicklung<\/p><\/div>\n<\/div><\/div>\n<\/div><\/div><\/div>\n\n\n\n<div class=\"wp-block-stackable-column stk-block-column stk-column stk-block stk-bb3a0d7\" data-v=\"4\" data-block-id=\"bb3a0d7\"><div class=\"stk-column-wrapper stk-block-column__content stk-container stk-bb3a0d7-container stk--no-background stk--no-padding\"><div class=\"stk-block-content stk-inner-blocks stk-bb3a0d7-inner-blocks\">\n<div class=\"wp-block-stackable-icon-label stk-block-icon-label stk-block stk-78c9d41\" data-block-id=\"78c9d41\"><div class=\"stk-row stk-inner-blocks stk-block-content\">\n<div class=\"wp-block-stackable-icon stk-block-icon has-text-align-left stk-block stk-794498b\" data-block-id=\"794498b\"><style>.stk-794498b .stk--svg-wrapper .stk--inner-svg svg:last-child,.stk-794498b .stk--svg-wrapper .stk--inner-svg svg:last-child :is(g,path,rect,polygon,ellipse){fill:var(--theme-palette-color-1,#009DE0) !important}<\/style><span class=\"stk--svg-wrapper\"><div class=\"stk--inner-svg\"><svg style=\"height:0;width:0\"><defs><lineargradient id=\"linear-gradient-794498b\" x1=\"0\" x2=\"100%\" y1=\"0\" y2=\"0\"><stop offset=\"0%\" style=\"stop-opacity:1;stop-color:var(--linear-gradient-794498-b-color-1)\"><\/stop><stop offset=\"100%\" style=\"stop-opacity:1;stop-color:var(--linear-gradient-794498-b-color-2)\"><\/stop><\/lineargradient><\/defs><\/svg><svg aria-hidden=\"true\" focusable=\"false\" data-prefix=\"far\" data-icon=\"star\" class=\"svg-inline--fa fa-star fa-w-18\" xmlns=\"http:\/\/www.w3.org\/2000\/svg\" viewbox=\"0 0 576 512\" width=\"32\" height=\"32\"><path fill=\"currentColor\" d=\"M528.1 171.5L382 150.2 316.7 17.8c-11.7-23.6-45.6-23.9-57.4 0L194 150.2 47.9 171.5c-26.2 3.8-36.7 36.1-17.7 54.6l105.7 103-25 145.5c-4.5 26.3 23.2 46 46.4 33.7L288 439.6l130.7 68.7c23.2 12.2 50.9-7.4 46.4-33.7l-25-145.5 105.7-103c19-18.5 8.5-50.8-17.7-54.6zM388.6 312.3l23.7 138.4L288 385.4l-124.3 65.3 23.7-138.4-100.6-98 139-20.2 62.2-126 62.2 126 139 20.2-100.6 98z\"><\/path><\/svg><\/div><\/span><\/div>\n\n\n\n<div class=\"wp-block-stackable-heading stk-block-heading stk-block-heading--v2 stk-block stk-ee9f7e8\" id=\"99-98-performance-guarantee\" data-block-id=\"ee9f7e8\"><style>.stk-ee9f7e8 .stk-block-heading__text{font-size:22px !important}@media screen and (max-width:999px){.stk-ee9f7e8 .stk-block-heading__text{font-size:22px !important}}<\/style><p class=\"stk-block-heading__text\">99,98 % Leistungsgarantie<\/p><\/div>\n<\/div><\/div>\n<\/div><\/div><\/div>\n<\/div><\/div>\n\n\n\n<div class=\"wp-block-stackable-spacer stk-block-spacer stk--hide-mobile stk--no-padding stk-block stk-c7027a8\" data-block-id=\"c7027a8\"><style>.stk-c7027a8{height:15px !important}<\/style><\/div>\n<\/div><\/div><\/div>\n<\/div><\/div>\n","protected":false},"excerpt":{"rendered":"<p>Vielen Dank Wir werden deine Angebotsanfrage mit Sorgfalt bearbeiten und dich innerhalb von 24 Stunden kontaktieren. M\u00f6chtest du \u00fcber Entwicklungen, Kooperationen und Veranstaltungen von Monta informiert werden? Folge uns jetzt. Pers\u00f6nlich &amp; flexibel \u00dcber 20 Jahre Entwicklung 99,98 % Leistungsgarantie<\/p>\n","protected":false},"author":1,"featured_media":0,"parent":0,"menu_order":0,"comment_status":"closed","ping_status":"closed","template":"","meta":{"_acf_changed":false,"content-type":"","footnotes":""},"class_list":["post-22137","page","type-page","status-publish","hentry"],"blocksy_meta":{"has_hero_section":"disabled","styles_descriptor":{"styles":{"desktop":"","tablet":"","mobile":""},"google_fonts":[],"version":6}},"acf":[],"featured_image_urls_v2":{"full":"","thumbnail":"","medium":"","medium_large":"","large":"","1536x1536":"","2048x2048":"","gform-image-choice-sm":"","gform-image-choice-md":"","gform-image-choice-lg":""},"post_excerpt_stackable_v2":"<p>Vielen Dank Wir werden deine Angebotsanfrage mit Sorgfalt bearbeiten und dich innerhalb von 24 Stunden kontaktieren. M\u00f6chtest du \u00fcber Entwicklungen, Kooperationen und Veranstaltungen von Monta informiert werden? Folge uns jetzt. Pers\u00f6nlich &amp; flexibel \u00dcber 20 Jahre Entwicklung 99,98 % Leistungsgarantie<\/p>\n","category_list_v2":"","author_info_v2":{"name":"admin","url":"https:\/\/gomonta.com\/de\/author\/admin\/"},"comments_num_v2":"0 comments","_links":{"self":[{"href":"https:\/\/gomonta.com\/de\/wp-json\/wp\/v2\/pages\/22137","targetHints":{"allow":["GET"]}}],"collection":[{"href":"https:\/\/gomonta.com\/de\/wp-json\/wp\/v2\/pages"}],"about":[{"href":"https:\/\/gomonta.com\/de\/wp-json\/wp\/v2\/types\/page"}],"author":[{"embeddable":true,"href":"https:\/\/gomonta.com\/de\/wp-json\/wp\/v2\/users\/1"}],"replies":[{"embeddable":true,"href":"https:\/\/gomonta.com\/de\/wp-json\/wp\/v2\/comments?post=22137"}],"version-history":[{"count":2,"href":"https:\/\/gomonta.com\/de\/wp-json\/wp\/v2\/pages\/22137\/revisions"}],"predecessor-version":[{"id":28172,"href":"https:\/\/gomonta.com\/de\/wp-json\/wp\/v2\/pages\/22137\/revisions\/28172"}],"wp:attachment":[{"href":"https:\/\/gomonta.com\/de\/wp-json\/wp\/v2\/media?parent=22137"}],"curies":[{"name":"wp","href":"https:\/\/api.w.org\/{rel}","templated":true}]}}