{"id":1330,"date":"2023-07-31T15:52:00","date_gmt":"2023-07-31T13:52:00","guid":{"rendered":"https:\/\/gomonta.com\/?page_id=1330"},"modified":"2025-12-18T09:06:28","modified_gmt":"2025-12-18T08:06:28","slug":"declaration-de-confidentialite","status":"publish","type":"page","link":"https:\/\/gomonta.com\/fr\/declaration-de-confidentialite\/","title":{"rendered":"D\u00e9claration de confidentialit\u00e9 et de cookies"},"content":{"rendered":"\n<div class=\"wp-block-stackable-columns stk-block-columns stk-block stk-d251b79\" data-block-id=\"d251b79\"><style>.stk-d251b79-column{max-width:800px !important;min-width:auto !important;}<\/style><div class=\"stk-row stk-inner-blocks stk-block-content stk-content-align stk-d251b79-column\">\n<div class=\"wp-block-stackable-column stk-block-column stk-column stk-block stk-f6db7d7\" data-v=\"4\" data-block-id=\"f6db7d7\"><div class=\"stk-column-wrapper stk-block-column__content stk-container stk-f6db7d7-container stk--no-background stk--no-padding\"><div class=\"stk-block-content stk-inner-blocks stk-f6db7d7-inner-blocks\">\n<h2 class=\"wp-block-heading has-large-font-size\">Notre d\u00e9claration de confidentialit\u00e9<a><\/a><\/h2>\n\n\n\n<div class=\"wp-block-stackable-text stk-block-text stk-block stk-d590074\" data-block-id=\"d590074\"><p class=\"stk-block-text__text\">La pr\u00e9sente d\u00e9claration de confidentialit\u00e9 s&rsquo;applique \u00e0 toutes les donn\u00e9es trait\u00e9es par Monta (Monta Holding B.V. et toutes ses filiales) via le site Web www.monta.nl et les autres sites Web et portails publi\u00e9s par Monta. La pr\u00e9sente d\u00e9claration de confidentialit\u00e9 d\u00e9crit quelles donn\u00e9es vous concernant sont collect\u00e9es, pour quoi et avec qui ces donn\u00e9es sont utilis\u00e9es, et dans quelles conditions ces donn\u00e9es peuvent \u00e9ventuellement \u00eatre partag\u00e9es avec des tiers. Nous vous expliquons \u00e9galement de quelle mani\u00e8re nous enregistrons vos donn\u00e9es et comment nous les prot\u00e9geons contre un usage abusif, ainsi que les droits dont vous disposez sur les donn\u00e9es \u00e0 caract\u00e8re personnel que vous nous fournissez.<\/p><\/div>\n\n\n\n<div class=\"wp-block-stackable-text stk-block-text stk-block stk-28214d8\" data-block-id=\"28214d8\"><p class=\"stk-block-text__text\">Veuillez nous contacter si vous avez des questions sur notre d\u00e9claration de confidentialit\u00e9. Vous trouverez nos coordonn\u00e9es \u00e0 la fin de notre d\u00e9claration de confidentialit\u00e9.<\/p><\/div>\n\n\n\n<h2 class=\"wp-block-heading\">Vision de la confidentialit\u00e9 des donn\u00e9es<\/h2>\n\n\n\n<div class=\"wp-block-stackable-text stk-block-text stk-block stk-9f376e7\" data-block-id=\"9f376e7\"><p class=\"stk-block-text__text\">Monta travaille quotidiennement avec des donn\u00e9es \u00e0 caract\u00e8re personnel. Dans ce cadre, nous accordons une grande importance \u00e0 la vie priv\u00e9e de tous les int\u00e9ress\u00e9s. Notre objectif est de toujours traiter chaque personne qui entre en contact avec notre entreprise conform\u00e9ment aux lois et r\u00e9glementations en vigueur relatives \u00e0 la vie priv\u00e9e. Nous nous effor\u00e7ons de ne jamais trahir la confiance d&rsquo;un client, collaborateur ou d&rsquo;une autre relation. Notre objectif est de fournir le plus vite possible les informations n\u00e9cessaires aux autorit\u00e9s de surveillance, de mani\u00e8re \u00e0 pouvoir contr\u00f4ler notre conformit\u00e9 avec les lois et r\u00e9glementations.<\/p><\/div>\n\n\n\n<h2 class=\"wp-block-heading\">Code de conduite pour la confidentialit\u00e9 des donn\u00e9es<\/h2>\n\n\n\n<div class=\"wp-block-stackable-text stk-block-text stk-block stk-6222a40\" data-block-id=\"6222a40\"><p class=\"stk-block-text__text\">Toute personne qui travaille chez ou pour Monta a pris connaissance de notre code de conduite et le respecte.<\/p><\/div>\n\n\n\n<ol class=\"wp-block-list\">\n<li>Nous respectons la vie priv\u00e9e de toutes nos relations (collaborateurs, coll\u00e8gues, clients, destinataires, fournisseurs, etc.).<\/li>\n\n\n\n<li>Nous prenons bien soin des donn\u00e9es qui nous sont confi\u00e9es.<\/li>\n\n\n\n<li>Nous veillons \u00e0 ce que des personnes non autoris\u00e9es ne puissent acc\u00e9der aux donn\u00e9es qui nous sont confi\u00e9es.<\/li>\n\n\n\n<li>Nous ne collectons pas plus de donn\u00e9es que n\u00e9cessaire dans le cadre d&rsquo;un traitement correct et de notre objectif commun.<\/li>\n\n\n\n<li>Nous ne conservons pas les donn\u00e9es plus longtemps que ce qui est n\u00e9cessaire ou obligatoire.<\/li>\n\n\n\n<li>Lorsque nos fournisseurs ou clients re\u00e7oivent des donn\u00e9es confidentielles de notre part, nous leur imposons le m\u00eame devoir de sollicitude.<\/li>\n\n\n\n<li>Si nous collectons des donn\u00e9es d&rsquo;un visiteur\/utilisateur ou si nous combinons des donn\u00e9es de plusieurs sources, nous le mentionnons explicitement, indiquons l&rsquo;objectif que nous visons et l&rsquo;avantage que cela apporte au visiteur\/utilisateur.<\/li>\n\n\n\n<li>Nous faisons preuve de transparence concernant les donn\u00e9es que nous enregistrons d&rsquo;un visiteur\/utilisateur.<\/li>\n\n\n\n<li>Le cas \u00e9ch\u00e9ant, nous donnons la possibilit\u00e9 au visiteur\/\u00e0 l&rsquo;utilisateur de modifier, supprimer ou de porter lui-m\u00eame ces donn\u00e9es, ou l&rsquo;aidons \u00e0 le faire.<\/li>\n\n\n\n<li>Nous ne livrons, partageons ou ne vendons pas de donn\u00e9es nominatives \u00e0 quelque partie que ce soit, sauf si nous avons demand\u00e9 ou obtenu explicitement l&rsquo;accord \u00e0 cet effet, ou si la loi nous y oblige.<\/li>\n<\/ol>\n\n\n\n<h2 class=\"wp-block-heading\">De qui et pourquoi nous traitons des donn\u00e9es \u00e0 caract\u00e8re personnel<\/h2>\n\n\n\n<div class=\"wp-block-stackable-text stk-block-text stk-block stk-d605d7e\" data-block-id=\"d605d7e\"><p class=\"stk-block-text__text\">Nous traitons des donn\u00e9es de diff\u00e9rents groupes cibles (visiteurs de sites Web, parties int\u00e9ress\u00e9es, clients (et leurs clients finaux), candidats, collaborateurs) et \u00e0 des fins diff\u00e9rentes.<\/p><\/div>\n\n\n\n<div class=\"wp-block-stackable-text stk-block-text stk-block stk-d308455\" data-block-id=\"d308455\"><p class=\"stk-block-text__text\">Nous ne conservons pas les donn\u00e9es \u00e0 caract\u00e8re personnel plus longtemps que n\u00e9cessaire aux fins pour lesquelles nous traitons les donn\u00e9es et nous respectons les d\u00e9lais de conservation l\u00e9gaux.<\/p><\/div>\n\n\n\n<ul class=\"wp-block-list\">\n<li>\u00c0 l&rsquo;aide de cookies, nous enregistrons la fa\u00e7on dont les <strong>visiteurs de sites Web<\/strong> utilisent le site Web. Cela nous permet d&rsquo;am\u00e9liorer le site Web et d&rsquo;adapter les informations. Pour plus d&rsquo;informations \u00e0 ce sujet, consultez la d\u00e9claration de confidentialit\u00e9 sur notre site Web.<\/li>\n\n\n\n<li>En tant qu&rsquo;<strong>Utilisateur d&rsquo;applications <\/strong>, nous analysons les cookies statistiques afin d&rsquo;am\u00e9liorer les applications.<\/li>\n\n\n\n<li>Si, en tant que <strong>partie int\u00e9ress\u00e9e<\/strong>, vous demandez des informations via le site Web, nous enregistrons les informations fournies dans notre syst\u00e8me CRM. Nous traitons ces informations pour vous informer de produits et de services.<\/li>\n\n\n\n<li>Si vous devenez notre <strong>client<\/strong>, nous compl\u00e9tons les donn\u00e9es d&rsquo;informations n\u00e9cessaires pour les obligations contractuelles et administratives.<\/li>\n\n\n\n<li>Si vous \u00eates <strong>abonn\u00e9(e) \u00e0 la lettre d&rsquo;information<\/strong>, vous pouvez vous d\u00e9sabonner via chaque lettre d&rsquo;information.<\/li>\n\n\n\n<li>Les clients qui utilisent notre logiciel pour enregistrer le nom et l&rsquo;adresse de leurs <strong>clients finaux<\/strong> d\u00e9terminent eux-m\u00eames la dur\u00e9e de conservation des donn\u00e9es. La dur\u00e9e par d\u00e9faut est de 90 jours.<\/li>\n\n\n\n<li>En tant que <strong>candidat<\/strong>, vous nous fournissez des donn\u00e9es \u00e0 caract\u00e8re personnel pour nous permettre d&rsquo;\u00e9valuer votre candidature.<\/li>\n\n\n\n<li>Si vous devenez notre <strong>collaborateur<\/strong>, nous compl\u00e9tons les donn\u00e9es \u00e0 caract\u00e8re personnel d&rsquo;informations n\u00e9cessaires pour le contrat de travail et les obligations administratives.<\/li>\n<\/ul>\n\n\n\n<h2 class=\"wp-block-heading\">Confidentialit\u00e9<\/h2>\n\n\n\n<div class=\"wp-block-stackable-text stk-block-text stk-block stk-b21b44f\" data-block-id=\"b21b44f\"><p class=\"stk-block-text__text\">Nous ne transmettons pas les donn\u00e9es (\u00e0 caract\u00e8re personnel) que vous fournissez \u00e0 d&rsquo;autres parties, sauf si cela est n\u00e9cessaire dans le cadre de l&rsquo;ex\u00e9cution du contrat ou pour respecter une obligation l\u00e9gale.<\/p><\/div>\n\n\n\n<h2 class=\"wp-block-heading\">S\u00e9curit\u00e9<\/h2>\n\n\n\n<div class=\"wp-block-stackable-text stk-block-text stk-block stk-575b23f\" data-block-id=\"575b23f\"><p class=\"stk-block-text__text\">Pour limiter l&rsquo;usage abusif d&rsquo;un acc\u00e8s non autoris\u00e9 \u00e0 vos donn\u00e9es (\u00e0 caract\u00e8re personnel), nous prenons des mesures de s\u00e9curit\u00e9 appropri\u00e9es. Seules les personnes n\u00e9cessaires ont acc\u00e8s \u00e0 vos donn\u00e9es, l&rsquo;acc\u00e8s aux donn\u00e9es est prot\u00e9g\u00e9 et nos mesures de s\u00e9curit\u00e9 sont r\u00e9guli\u00e8rement contr\u00f4l\u00e9es.<\/p><\/div>\n\n\n\n<h2 class=\"wp-block-heading\">Cookies<\/h2>\n\n\n\n<div class=\"wp-block-stackable-text stk-block-text stk-block stk-f1f25e9\" data-block-id=\"f1f25e9\"><p class=\"stk-block-text__text\">Lors de la visite d&rsquo;un site Web, des fichiers d&rsquo;information sont enregistr\u00e9s ou lus sur l&rsquo;appareil (dont ordinateur, tablette ou smartphone) du visiteur. Cela a lieu via le navigateur Web sur l&rsquo;appareil. Pour plus d&rsquo;informations sur nos cookies, leur acceptation ou leur refus, veuillez consulter notre d\u00e9claration des cookies sur notre site Web.<\/p><\/div>\n\n\n\n<h2 class=\"wp-block-heading\">Sites Web de tiers<\/h2>\n\n\n\n<div class=\"wp-block-stackable-text stk-block-text stk-block stk-a28594f\" data-block-id=\"a28594f\"><p class=\"stk-block-text__text\">La pr\u00e9sente d\u00e9claration de confidentialit\u00e9 ne s&rsquo;applique pas aux sites Web de tiers qui sont li\u00e9s \u00e0 notre site Web au moyen de liens.<\/p><\/div>\n\n\n\n<h2 class=\"wp-block-heading\">Droit de regard, de rectification et d&rsquo;opposition<\/h2>\n\n\n\n<div class=\"wp-block-stackable-text stk-block-text stk-block stk-ec55c10\" data-block-id=\"ec55c10\"><p class=\"stk-block-text__text\">Si vous nous avez fourni des donn\u00e9es \u00e0 caract\u00e8re personnel, vous pouvez nous envoyer une demande pour consulter, modifier ou supprimer ces donn\u00e9es. Vous pouvez nous d\u00e9poser cette demande via ce formulaire de confidentialit\u00e9.<\/p><\/div>\n\n\n\n<h2 class=\"wp-block-heading\"><a><\/a>Autorit\u00e9 n\u00e9erlandaise de protection des donn\u00e9es<\/h2>\n\n\n\n<div class=\"wp-block-stackable-text stk-block-text stk-block stk-5252cc6\" data-block-id=\"5252cc6\"><p class=\"stk-block-text__text\">Naturellement, nous sommes \u00e9galement \u00e0 votre service si vous avez des r\u00e9clamations \u00e0 formuler sur le traitement de vos donn\u00e9es \u00e0 caract\u00e8re personnel. En vertu de la loi relative \u00e0 la protection de la vie priv\u00e9e, vous \u00eates en droit de porter plainte aupr\u00e8s de l&rsquo;autorit\u00e9 n\u00e9erlandaise de protection des donn\u00e9es concernant nos traitements de vos donn\u00e9es \u00e0 caract\u00e8re personnel. \u00c0 cet effet, veuillez contacter l&rsquo;autorit\u00e9 n\u00e9erlandaise de protection des donn\u00e9es.<\/p><\/div>\n\n\n\n<h2 class=\"wp-block-heading\">Modification de la d\u00e9claration de confidentialit\u00e9<\/h2>\n\n\n\n<div class=\"wp-block-stackable-text stk-block-text stk-block stk-690673a\" data-block-id=\"690673a\"><p class=\"stk-block-text__text\">Enfin, veuillez noter que nous pouvons apporter des modifications \u00e0 la pr\u00e9sente d\u00e9claration de confidentialit\u00e9. Par cons\u00e9quent, nous vous recommandons de consulter r\u00e9guli\u00e8rement la pr\u00e9sente d\u00e9claration de confidentialit\u00e9.<\/p><\/div>\n\n\n\n<h2 class=\"wp-block-heading\">Coordonn\u00e9es<\/h2>\n\n\n\n<div class=\"wp-block-stackable-text stk-block-text stk-block stk-8316a3e\" data-block-id=\"8316a3e\"><p class=\"stk-block-text__text\">Si vous avez encore des questions et\/ou des remarques apr\u00e8s avoir lu notre d\u00e9claration de confidentialit\u00e9, veuillez nous contacter via les coordonn\u00e9es ci-dessous.<\/p><\/div>\n\n\n\n<div class=\"wp-block-stackable-text stk-block-text stk-block stk-2b9a950\" data-block-id=\"2b9a950\"><p class=\"stk-block-text__text\">Site Web&nbsp;:&nbsp;www.monta.nlAdresse&nbsp;: Polderweg-Oost 19, 2973 AN MolenaarsgraafN\u00b0 de t\u00e9l\u00e9phone&nbsp;: 085 \u2013 020 86 90E-mail&nbsp;: privacy@monta.nl<\/p><\/div>\n\n\n\n<h2 class=\"wp-block-heading\">D\u00e9claration relative aux cookies<\/h2>\n\n\n\n<div class=\"wp-block-stackable-text stk-block-text stk-block stk-bc99cc7\" data-block-id=\"bc99cc7\"><p class=\"stk-block-text__text\">Un cookie est un petit fichier envoy\u00e9 avec les pages de ce site web et stock\u00e9 par votre navigateur sur le disque dur de votre ordinateur ou autre appareil. Les informations qu&rsquo;il contient peuvent \u00eatre renvoy\u00e9es \u00e0 nos serveurs ou \u00e0 ceux des tiers concern\u00e9s lors d&rsquo;une visite ult\u00e9rieure.<\/p><\/div>\n\n\n\n<div class=\"wp-block-stackable-text stk-block-text stk-block stk-d163f73\" data-block-id=\"d163f73\"><p class=\"stk-block-text__text\">Monta collecte des cookies via les sites web g\u00e9r\u00e9s par Monta et les applications d\u00e9velopp\u00e9es par Monta.<\/p><\/div>\n\n\n\n<h2 class=\"wp-block-heading\">Cookies techniques ou fonctionnels<\/h2>\n\n\n\n<div class=\"wp-block-stackable-text stk-block-text stk-block stk-1bca676\" data-block-id=\"1bca676\"><p class=\"stk-block-text__text\">Certains cookies assurent le bon fonctionnement de certaines parties du site web et la m\u00e9morisation de vos pr\u00e9f\u00e9rences. En pla\u00e7ant des cookies fonctionnels, nous facilitons votre visite sur notre site web. Ainsi, vous n&rsquo;avez pas besoin de saisir les m\u00eames informations \u00e0 plusieurs reprises. Nous pouvons placer ces cookies sans votre consentement.<\/p><\/div>\n\n\n\n<h2 class=\"wp-block-heading\">Cookies statistiques<\/h2>\n\n\n\n<div class=\"wp-block-stackable-text stk-block-text stk-block stk-bd6ed0f\" data-block-id=\"bd6ed0f\"><p class=\"stk-block-text__text\">Nous utilisons des cookies statistiques pour optimiser l&rsquo;exp\u00e9rience utilisateur. Les cookies analytiques nous permettent d&rsquo;obtenir des informations sur l&rsquo;utilisation de notre site web et de nos applications. Nous vous demandons votre autorisation pour placer des cookies analytiques.<\/p><\/div>\n\n\n\n<h2 class=\"wp-block-heading\">Cookies marketing<\/h2>\n\n\n\n<div class=\"wp-block-stackable-text stk-block-text stk-block stk-53a45f6\" data-block-id=\"53a45f6\"><p class=\"stk-block-text__text\">Les cookies marketing sont des cookies utilis\u00e9s pour cr\u00e9er des profils d&rsquo;utilisateurs afin d&rsquo;afficher des publicit\u00e9s ou de suivre les utilisateurs sur les sites web \u00e0 des fins marketing similaires.<\/p><\/div>\n\n\n\n<div class=\"wp-block-stackable-text stk-block-text stk-block stk-3447f28\" data-block-id=\"3447f28\"><p class=\"stk-block-text__text\">\u00c9tant donn\u00e9 que ces cookies sont class\u00e9s comme cookies de suivi, nous vous demandons votre autorisation pour les placer.<\/p><\/div>\n\n\n\n<h2 class=\"wp-block-heading\">Cookies de r\u00e9seaux sociaux<\/h2>\n\n\n\n<div class=\"wp-block-stackable-text stk-block-text stk-block stk-91ff00b\" data-block-id=\"91ff00b\"><p class=\"stk-block-text__text\">Les cookies de r\u00e9seaux sociaux sont utilis\u00e9s par des plateformes telles que Facebook, X et Instagram. Ils vous permettent de partager facilement du contenu via des boutons sur les sites web. Par exemple, si vous aimez un article et souhaitez le partager sur votre profil Facebook, Facebook place un cookie sur votre appareil.<\/p><\/div>\n\n\n\n<div class=\"wp-block-stackable-text stk-block-text stk-block stk-4398861\" data-block-id=\"4398861\"><p class=\"stk-block-text__text\">Veuillez consulter les d\u00e9clarations de confidentialit\u00e9 de ces tiers (qui peuvent \u00eatre modifi\u00e9es r\u00e9guli\u00e8rement) pour savoir comment ils traitent vos donn\u00e9es (personnelles) via ces cookies. Les informations collect\u00e9es sont anonymis\u00e9es autant que possible.<\/p><\/div>\n\n\n\n<h2 class=\"wp-block-heading\">Consentement<\/h2>\n\n\n\n<div class=\"wp-block-stackable-text stk-block-text stk-block stk-333b48a\" data-block-id=\"333b48a\"><p class=\"stk-block-text__text\">Lorsque vous visitez notre site ou utilisez nos applications pour la premi\u00e8re fois, nous affichons une fen\u00eatre contextuelle contenant des explications sur les cookies. Dans la fen\u00eatre contextuelle, vous pouvez donner ou refuser votre consentement en ce qui concerne l&rsquo;utilisation de cookies statistiques, de cookies de publicit\u00e9 et\/ou de cookies marketing.<\/p><\/div>\n\n\n\n<h2 class=\"wp-block-heading\">G\u00e9rez votre consentement en mati\u00e8re de cookies-<\/h2>\n\n\n<div id=\"cmplz-manage-consent-container-nojavascript\">Vous avez charg\u00e9 la politique de cookies sans le support de javascript.&nbsp;Sur AMP, vous pouvez utiliser l\u2019onglet de gestion du consentement en bas de la page.<\/div><div id=\"cmplz-manage-consent-container\" name=\"cmplz-manage-consent-container\" class=\"cmplz-manage-consent-container\"><\/div>\n\n\n\n<div class=\"wp-block-stackable-spacer stk-block-spacer stk--no-padding stk-block stk-40ca20d\" data-block-id=\"40ca20d\"><style>.stk-40ca20d {height:20px !important;}<\/style><\/div>\n\n\n\n<h2 class=\"wp-block-heading\">Activer\/d\u00e9sactiver et supprimer des cookies<\/h2>\n\n\n\n<div class=\"wp-block-stackable-text stk-block-text stk-block stk-aaedf2d\" data-block-id=\"aaedf2d\"><p class=\"stk-block-text__text\">Via votre navigateur Web, vous pouvez supprimer automatiquement ou manuellement des cookies. Vous pouvez \u00e9galement sp\u00e9cifier que vous ne voulez pas que certains cookies soient install\u00e9s. Une autre possibilit\u00e9 consiste \u00e0 configurer votre navigateur Web de sorte que vous receviez un message lorsqu&rsquo;un cookie est install\u00e9. Vous trouverez plus d\u2019informations sur ces possibilit\u00e9s dans les instructions de la fonction Aide de votre navigateur.<\/p><\/div>\n\n\n\n<div class=\"wp-block-stackable-text stk-block-text stk-block stk-2fcee21\" data-block-id=\"2fcee21\"><p class=\"stk-block-text__text\">Attention: Il est possible que notre site ne fonctionne pas parfaitement si tous les cookies ont \u00e9t\u00e9 d\u00e9sactiv\u00e9s. Si vous supprimez les cookies dans votre navigateur, ils seront r\u00e9install\u00e9s lors d&rsquo;une nouvelle visite sur notre site apr\u00e8s que vous aurez donn\u00e9 votre consentement.<\/p><\/div>\n<\/div><\/div><\/div>\n<\/div><\/div>\n","protected":false},"excerpt":{"rendered":"<p>Notre d\u00e9claration de confidentialit\u00e9 La pr\u00e9sente d\u00e9claration de confidentialit\u00e9 s&rsquo;applique \u00e0 toutes les donn\u00e9es trait\u00e9es par Monta (Monta Holding B.V. et toutes ses filiales) via le site Web www.monta.nl et les autres sites Web et portails publi\u00e9s par Monta. La pr\u00e9sente d\u00e9claration de confidentialit\u00e9 d\u00e9crit quelles donn\u00e9es vous concernant sont collect\u00e9es, pour quoi et avec [&hellip;]<\/p>\n","protected":false},"author":1,"featured_media":0,"parent":0,"menu_order":0,"comment_status":"closed","ping_status":"open","template":"","meta":{"_acf_changed":false,"content-type":"","footnotes":""},"class_list":["post-1330","page","type-page","status-publish","hentry"],"blocksy_meta":{"has_hero_section":"enabled","styles_descriptor":{"styles":{"desktop":"[data-prefix=\"single_page\"] .entry-header .page-title {--theme-font-size:30px;} [data-prefix=\"single_page\"] .entry-header .entry-meta {--theme-font-weight:600;--theme-text-transform:uppercase;--theme-font-size:12px;--theme-line-height:1.3;} [data-prefix=\"single_page\"] .hero-section[data-type=\"type-1\"] {--alignment:center;}","tablet":"","mobile":""},"google_fonts":[],"version":6},"hero_elements":[{"id":"custom_title","enabled":true,"heading_tag":"h1","title":"Home","__id":"OMBxpXVqB2JhSGQ1JhykK"},{"id":"custom_description","enabled":false,"description_visibility":{"desktop":true,"tablet":true,"mobile":false},"__id":"AsmBsMwMLkSYZRnvPPCC6"},{"id":"custom_meta","enabled":false,"meta_elements":[{"id":"author","enabled":true,"label":"By","has_author_avatar":"yes","avatar_size":25},{"id":"post_date","enabled":true,"label":"On","date_format_source":"default","date_format":"M j, Y"},{"id":"updated_date","enabled":false,"label":"On","date_format_source":"default","date_format":"M j, Y"},{"id":"categories","enabled":false,"label":"In","style":"simple"},{"id":"comments","enabled":true}],"page_meta_elements":{"joined":true,"articles_count":true,"comments":true},"__id":"DmeOoucFdq2E7UOLe0O0s"},{"id":"breadcrumbs","enabled":false,"__id":"QjltpiIgBzAJAr59DCRuO"},{"id":"content-block","enabled":false,"__id":"dVzoCjsWTK30Wb_xD-YsZ"}],"hero_alignment1":"center"},"acf":[],"featured_image_urls_v2":{"full":"","thumbnail":"","medium":"","medium_large":"","large":"","1536x1536":"","2048x2048":"","gform-image-choice-sm":"","gform-image-choice-md":"","gform-image-choice-lg":""},"post_excerpt_stackable_v2":"<p>Notre d\u00e9claration de confidentialit\u00e9 La pr\u00e9sente d\u00e9claration de confidentialit\u00e9 s&rsquo;applique \u00e0 toutes les donn\u00e9es trait\u00e9es par Monta (Monta Holding B.V. et toutes ses filiales) via le site Web www.monta.nl et les autres sites Web et portails publi\u00e9s par Monta. La pr\u00e9sente d\u00e9claration de confidentialit\u00e9 d\u00e9crit quelles donn\u00e9es vous concernant sont collect\u00e9es, pour quoi et avec qui ces donn\u00e9es sont utilis\u00e9es, et dans quelles conditions ces donn\u00e9es peuvent \u00e9ventuellement \u00eatre partag\u00e9es avec des tiers. Nous vous expliquons \u00e9galement de quelle mani\u00e8re nous enregistrons vos donn\u00e9es et comment nous les prot\u00e9geons contre un usage abusif, ainsi que les droits dont vous disposez\u2026<\/p>\n","category_list_v2":"","author_info_v2":{"name":"admin","url":"https:\/\/gomonta.com\/fr\/author\/admin\/"},"comments_num_v2":"0 commentaire","_links":{"self":[{"href":"https:\/\/gomonta.com\/fr\/wp-json\/wp\/v2\/pages\/1330","targetHints":{"allow":["GET"]}}],"collection":[{"href":"https:\/\/gomonta.com\/fr\/wp-json\/wp\/v2\/pages"}],"about":[{"href":"https:\/\/gomonta.com\/fr\/wp-json\/wp\/v2\/types\/page"}],"author":[{"embeddable":true,"href":"https:\/\/gomonta.com\/fr\/wp-json\/wp\/v2\/users\/1"}],"replies":[{"embeddable":true,"href":"https:\/\/gomonta.com\/fr\/wp-json\/wp\/v2\/comments?post=1330"}],"version-history":[{"count":10,"href":"https:\/\/gomonta.com\/fr\/wp-json\/wp\/v2\/pages\/1330\/revisions"}],"predecessor-version":[{"id":39635,"href":"https:\/\/gomonta.com\/fr\/wp-json\/wp\/v2\/pages\/1330\/revisions\/39635"}],"wp:attachment":[{"href":"https:\/\/gomonta.com\/fr\/wp-json\/wp\/v2\/media?parent=1330"}],"curies":[{"name":"wp","href":"https:\/\/api.w.org\/{rel}","templated":true}]}}